{"id":12593,"date":"2012-07-31T02:06:57","date_gmt":"2012-07-31T02:06:57","guid":{"rendered":"https:\/\/alberglafarga.com\/benvinguts-2\/"},"modified":"2022-09-07T09:31:49","modified_gmt":"2022-09-07T09:31:49","slug":"bienvenidos","status":"publish","type":"page","link":"https:\/\/alberglafarga.com\/es\/bienvenidos\/","title":{"rendered":"Casa de colonias &#8211; Albergue La Farga de Queralbs"},"content":{"rendered":"<p><div class=\"fusion-fullwidth fullwidth-box fusion-builder-row-1 hundred-percent-fullwidth non-hundred-percent-height-scrolling\" style=\"--awb-border-radius-top-left:0px;--awb-border-radius-top-right:0px;--awb-border-radius-bottom-right:0px;--awb-border-radius-bottom-left:0px;--awb-overflow:visible;--awb-flex-wrap:wrap;\" ><div class=\"fusion-builder-row fusion-row\"><div class=\"fusion-layout-column fusion_builder_column fusion-builder-column-0 fusion_builder_column_1_1 1_1 fusion-one-full fusion-column-first fusion-column-last\" style=\"--awb-bg-size:cover;\"><div class=\"fusion-column-wrapper fusion-flex-column-wrapper-legacy\"><div class=\"fusion-text fusion-text-1\"><h1 style=\"text-align: center; margin-top: -20px; line-height: 45px;\">La Farga de Queralbs. <strong>Albergue y Casa de colonias<\/strong><\/h1>\n<p style=\"text-align: center; margin-top: -10px; font-size: 21px; line-height: 24px;\"><span style=\"color: #006600;\">Ven a disfrutar de unas <strong> fant\u00e1sticas colonias<\/strong> lejos del ruido de las grandes ciudades, a los pies de la <strong>Vall de N\u00faria<\/strong>.<\/span><\/p>\n<\/div><div class=\"fusion-clearfix\"><\/div><\/div><\/div><div class=\"fusion-layout-column fusion_builder_column fusion-builder-column-1 fusion_builder_column_1_1 1_1 fusion-one-full fusion-column-first fusion-column-last\" style=\"--awb-bg-size:cover;\"><div class=\"fusion-column-wrapper fusion-flex-column-wrapper-legacy\"><div class=\"fusion-sep-clear\"><\/div><div class=\"fusion-separator fusion-full-width-sep\" style=\"margin-left: auto;margin-right: auto;margin-top:10px;width:100%;\"><\/div><div class=\"fusion-sep-clear\"><\/div><div class=\"fusion-clearfix\"><\/div><\/div><\/div><\/div><\/div><div class=\"fusion-fullwidth fullwidth-box fusion-builder-row-2 fusion-flex-container has-pattern-background has-mask-background nonhundred-percent-fullwidth non-hundred-percent-height-scrolling\" style=\"--awb-background-position:left top;--awb-border-sizes-top:0px;--awb-border-sizes-bottom:0px;--awb-border-sizes-left:0px;--awb-border-sizes-right:0px;--awb-border-radius-top-left:0px;--awb-border-radius-top-right:0px;--awb-border-radius-bottom-right:0px;--awb-border-radius-bottom-left:0px;--awb-padding-top:80px;--awb-padding-right:0px;--awb-padding-bottom:0px;--awb-padding-left:0px;--awb-background-color:#e4efde;--awb-flex-wrap:wrap;\" ><div class=\"fusion-builder-row fusion-row fusion-flex-align-items-center fusion-flex-content-wrap\" style=\"max-width:1144px;margin-left: calc(-4% \/ 2 );margin-right: calc(-4% \/ 2 );\"><div class=\"fusion-layout-column fusion_builder_column fusion-builder-column-2 fusion_builder_column_1_1 1_1 fusion-flex-column fusion-flex-align-self-flex-start fusion-column-no-min-height\" style=\"--awb-bg-size:cover;--awb-width-large:100%;--awb-margin-top-large:0px;--awb-spacing-right-large:1.92%;--awb-margin-bottom-large:0px;--awb-spacing-left-large:1.92%;--awb-width-medium:100%;--awb-order-medium:0;--awb-spacing-right-medium:1.92%;--awb-spacing-left-medium:1.92%;--awb-width-small:100%;--awb-order-small:0;--awb-spacing-right-small:1.92%;--awb-spacing-left-small:1.92%;\"><div class=\"fusion-column-wrapper fusion-column-has-shadow fusion-flex-justify-content-flex-start fusion-content-layout-column\"><div class=\"fusion-content-boxes content-boxes columns row fusion-columns-2 fusion-columns-total-2 fusion-content-boxes-1 content-boxes-icon-boxed content-left\" style=\"--awb-hover-accent-color:var(--awb-color4);--awb-circle-hover-accent-color:var(--awb-color4);\" data-animationOffset=\"top-into-view\"><div style=\"--awb-backgroundcolor:#ffffff;\" class=\"fusion-column content-box-column content-box-column content-box-column-1 col-lg-6 col-md-6 col-sm-6 fusion-content-box-hover content-box-column-first-in-row\"><div class=\"col content-box-wrapper content-wrapper-background content-wrapper-boxed link-area-link-icon icon-hover-animation-fade\" data-animationOffset=\"top-into-view\"><div class=\"heading heading-with-icon icon-left\"><div class=\"icon\"><i style=\"border-color:#3b8427;border-width:1px;background-color:#3b8427;box-sizing:content-box;height:66px;width:66px;line-height:66px;top:-83px;margin-left:-33px;border-radius:50%;font-size:33px;\" aria-hidden=\"true\" class=\"fontawesome-icon fa fa-home circle-yes\"><\/i><\/div><h2 class=\"content-box-heading\" style=\"--h2_typography-font-size:20px;line-height:25px;\">El Albergue - Casa de Colonias<\/h2><\/div><div class=\"fusion-clearfix\"><\/div><div class=\"content-container\"> Con una capacidad para 128 plazas y habitaciones de 4, 6, 8 y 12 personas.<\/p>\n<p><a href=\"https:\/\/alberglafarga.com\/es\/albergue-y-casa-de-colonias\/\"><img decoding=\"async\" class=\"alignnone size-full wp-image-12429\" src=\"https:\/\/alberglafarga.com\/wp-content\/uploads\/2012\/07\/falberg2.jpg\" alt=\"falberg2\" width=\"400\" height=\"267\" srcset=\"https:\/\/alberglafarga.com\/wp-content\/uploads\/2012\/07\/falberg2-300x200.jpg 300w, https:\/\/alberglafarga.com\/wp-content\/uploads\/2012\/07\/falberg2.jpg 400w\" sizes=\"(max-width: 400px) 100vw, 400px\" \/><\/a><\/div><\/div><\/div><div style=\"--awb-backgroundcolor:#ffffff;\" class=\"fusion-column content-box-column content-box-column content-box-column-2 col-lg-6 col-md-6 col-sm-6 fusion-content-box-hover content-box-column-last content-box-column-last-in-row\"><div class=\"col content-box-wrapper content-wrapper-background content-wrapper-boxed link-area-link-icon icon-hover-animation-fade\" data-animationOffset=\"top-into-view\"><div class=\"heading heading-with-icon icon-left\"><div class=\"icon\"><i style=\"border-color:#3b8427;border-width:1px;background-color:#3b8427;box-sizing:content-box;height:66px;width:66px;line-height:66px;top:-83px;margin-left:-33px;border-radius:50%;font-size:33px;\" aria-hidden=\"true\" class=\"fontawesome-icon fa fa-comments circle-yes\"><\/i><\/div><h2 class=\"content-box-heading\" style=\"--h2_typography-font-size:20px;line-height:25px;\">Escuelas y Grupos<\/h2><\/div><div class=\"fusion-clearfix\"><\/div><div class=\"content-container\"> Venid a disfrutar de unas colonias o estancias llenas de aventura y diversi\u00f3n.<\/p>\n<p><a href=\"https:\/\/alberglafarga.com\/es\/escuelas-y-grupos\/\"><img decoding=\"async\" class=\"alignnone size-full wp-image-12425\" src=\"https:\/\/alberglafarga.com\/wp-content\/uploads\/2012\/07\/fescolesigrups.jpg\" alt=\"fescolesigrups\" width=\"400\" height=\"267\" srcset=\"https:\/\/alberglafarga.com\/wp-content\/uploads\/2012\/07\/fescolesigrups-300x200.jpg 300w, https:\/\/alberglafarga.com\/wp-content\/uploads\/2012\/07\/fescolesigrups.jpg 400w\" sizes=\"(max-width: 400px) 100vw, 400px\" \/><\/a><\/div><\/div><\/div><div class=\"fusion-clearfix\"><\/div><\/div><\/div><\/div><\/div><\/div><div class=\"fusion-fullwidth fullwidth-box fusion-builder-row-3 fusion-parallax-fixed hundred-percent-fullwidth non-hundred-percent-height-scrolling\" style=\"--awb-border-sizes-top:0px;--awb-border-sizes-bottom:0px;--awb-border-sizes-left:0px;--awb-border-sizes-right:0px;--awb-border-radius-top-left:0px;--awb-border-radius-top-right:0px;--awb-border-radius-bottom-right:0px;--awb-border-radius-bottom-left:0px;--awb-padding-top:200px;--awb-padding-right:0px;--awb-padding-bottom:200px;--awb-padding-left:0px;--awb-background-image:url(&quot;https:\/\/alberglafarga.com\/wp-content\/uploads\/2012\/07\/vallnuria.jpg&quot;);--awb-background-size:cover;--awb-flex-wrap:wrap;background-attachment:fixed;\" ><div class=\"fusion-builder-row fusion-row\"><div class=\"fusion-layout-column fusion_builder_column fusion-builder-column-3 fusion_builder_column_1_1 1_1 fusion-one-full fusion-column-first fusion-column-last fusion-column-no-min-height\" style=\"--awb-bg-size:cover;--awb-margin-bottom:0px;\"><div class=\"fusion-column-wrapper fusion-flex-column-wrapper-legacy\"><div class=\"fusion-text fusion-text-2\"><h1 style=\"text-align: center; margin-top: -20px; line-height: 25px; font-size: 60px;\"><span style=\"color: #ffffff;\"><strong>VALL DE N\u00daRIA y EL RIPOLL\u00c8S<\/strong><\/span><\/h1>\n<h1 style=\"text-align: center;\"><span style=\"color: #ffffff;\">Todo un mundo de sensaciones desde el primer momento.<\/span><\/h1>\n<\/div><div class=\"fusion-clearfix\"><\/div><\/div><\/div><div class=\"fusion-layout-column fusion_builder_column fusion-builder-column-4 fusion_builder_column_1_1 1_1 fusion-one-full fusion-column-first fusion-column-last\" style=\"--awb-bg-position:center top;--awb-bg-size:cover;\"><div class=\"fusion-column-wrapper fusion-flex-column-wrapper-legacy\"><div class=\"fusion-column-content-centered\"><div class=\"fusion-column-content\"><div class=\"fusion-button-wrapper fusion-aligncenter\"><a class=\"fusion-button button-flat button-xlarge button-default fusion-button-default button-1 fusion-button-default-span fusion-button-default-type fusion-animated\" data-animationType=\"fadeInLeft\" data-animationDuration=\"1\" data-animationOffset=\"top-into-view\" target=\"_self\" href=\"http:\/\/es.elripolles.com\/\"><span class=\"fusion-button-icon-divider button-icon-divider-left\"><i class=\" fa fa-thumbs-o-up awb-button__icon awb-button__icon--default\" aria-hidden=\"true\"><\/i><\/span><span class=\"fusion-button-text awb-button__text awb-button__text--default fusion-button-text-left\">Descubre nuestro entorno<\/span><\/a><\/div><\/div><\/div><div class=\"fusion-clearfix\"><\/div><\/div><\/div><\/div><\/div><div class=\"fusion-fullwidth fullwidth-box fusion-builder-row-4 hundred-percent-fullwidth non-hundred-percent-height-scrolling\" style=\"--awb-background-position:left top;--awb-border-sizes-top:0px;--awb-border-sizes-bottom:0px;--awb-border-sizes-left:0px;--awb-border-sizes-right:0px;--awb-border-radius-top-left:0px;--awb-border-radius-top-right:0px;--awb-border-radius-bottom-right:0px;--awb-border-radius-bottom-left:0px;--awb-padding-top:0px;--awb-padding-right:0px;--awb-padding-bottom:20px;--awb-padding-left:0px;--awb-flex-wrap:wrap;\" ><div class=\"fusion-builder-row fusion-row\"><div class=\"fusion-layout-column fusion_builder_column fusion-builder-column-5 fusion_builder_column_1_1 1_1 fusion-one-full fusion-column-first fusion-column-last fusion-column-no-min-height\" style=\"--awb-bg-size:cover;--awb-margin-bottom:0px;\"><div class=\"fusion-column-wrapper fusion-flex-column-wrapper-legacy\"><div class=\"fusion-text fusion-text-3\"><p><iframe style=\"border: 0;\" src=\"https:\/\/www.google.com\/maps\/embed?pb=!1m18!1m12!1m3!1d2948.3568165950405!2d2.1689178174438477!3d42.35623439999999!2m3!1f0!2f0!3f0!3m2!1i1024!2i768!4f13.1!3m3!1m2!1s0x12a542eaaaaaaaab%3A0xda1fccf8aeb1f69!2sAlbergue%20la%20Farga!5e0!3m2!1ses!2ses!4v1652426573838!5m2!1ses!2ses\" width=\"100%\" height=\"450\" allowfullscreen=\"allowfullscreen\"><\/iframe><\/p>\n<\/div><div class=\"fusion-clearfix\"><\/div><\/div><\/div><\/div><\/div><div class=\"fusion-fullwidth fullwidth-box fusion-builder-row-5 nonhundred-percent-fullwidth non-hundred-percent-height-scrolling\" style=\"--awb-background-position:left top;--awb-border-sizes-top:0px;--awb-border-sizes-bottom:0px;--awb-border-sizes-left:0px;--awb-border-sizes-right:0px;--awb-border-radius-top-left:0px;--awb-border-radius-top-right:0px;--awb-border-radius-bottom-right:0px;--awb-border-radius-bottom-left:0px;--awb-padding-top:20px;--awb-padding-right:0px;--awb-padding-bottom:20px;--awb-padding-left:0px;--awb-flex-wrap:wrap;\" ><div class=\"fusion-builder-row fusion-row\"><div class=\"fusion-layout-column fusion_builder_column fusion-builder-column-6 fusion_builder_column_2_5 2_5 fusion-two-fifth fusion-column-first\" style=\"--awb-bg-size:cover;width:37.6%; margin-right: 4%;\"><div class=\"fusion-column-wrapper fusion-flex-column-wrapper-legacy\"><div class=\"fusion-text fusion-text-4\"><p><span style=\"color: #999999; font-size: 40px; line-height: 45px;\"><strong>En el coraz\u00f3n del Pirineo Catal\u00e1n, en Queralbs, la parte alta del Valle de Ribes, el Ripoll\u00e8s.<\/strong><\/span><\/p>\n<\/div><div class=\"fusion-clearfix\"><\/div><\/div><\/div><div class=\"fusion-layout-column fusion_builder_column fusion-builder-column-7 fusion_builder_column_2_5 2_5 fusion-two-fifth\" style=\"--awb-bg-size:cover;width:37.6%; margin-right: 4%;\"><div class=\"fusion-column-wrapper fusion-flex-column-wrapper-legacy\"><div class=\"fusion-text fusion-text-5\"><p><span style=\"color: #000000;\"><strong>El alberge &#8211; Casa de colonias<\/strong> La Farga se encuentra situado a 6 km de la ciudad de Ribes de Freser, junto al r\u00edo Freser, a 1 km de Queralbs, a 15 minutos del Santuario de N\u00faria con el cremallera y a menos de dos horas de Barcelona con Renfe, veh\u00edculo o autocar.<br \/>\nSi viene en veh\u00edculo o autocar una vez llegue a Ribes de Freser, tome la carretera que lleva a Queralbs hasta el km 6. Si viene con RENFE una vez en Ribes de Freser, coger el cremallera hasta Queralbs.<br \/>\n<\/span><\/p>\n<\/div><div class=\"fusion-clearfix\"><\/div><\/div><\/div><div class=\"fusion-layout-column fusion_builder_column fusion-builder-column-8 fusion_builder_column_1_5 1_5 fusion-one-fifth fusion-column-last\" style=\"--awb-bg-size:cover;width:16.8%;\"><div class=\"fusion-column-wrapper fusion-flex-column-wrapper-legacy\"><div class=\"fusion-text fusion-text-6\"><p><span style=\"color: #000000;\"><strong><span id=\"result_box\" class=\"short_text\" lang=\"es\"><span class=\"hps\">Por vuestro inter\u00e9s<\/span><\/span>:<\/strong><br \/>\n<a href=\"http:\/\/www.valldenuria.cat\/hivern\/\" target=\"_blank\" rel=\"noopener\">Horarios tren cremallera Vall de N\u00faria<\/a><br \/>\n<a href=\"http:\/\/www.renfe.com\/\" target=\"_blank\" rel=\"noopener\">Horarios RENFE<\/a><br \/>\n<a href=\"http:\/\/www.elripolles.cat\" target=\"_blank\" rel=\"noopener\">www.elripolles.cat<\/a><br \/>\n<\/span><\/p>\n<\/div><div class=\"fusion-clearfix\"><\/div><\/div><\/div><div class=\"fusion-layout-column fusion_builder_column fusion-builder-column-9 fusion_builder_column_1_1 1_1 fusion-one-full fusion-column-first fusion-column-last fusion-column-no-min-height\" style=\"--awb-bg-size:cover;--awb-margin-bottom:0px;\"><div class=\"fusion-column-wrapper fusion-flex-column-wrapper-legacy\"><div class=\"fusion-sep-clear\"><\/div><div class=\"fusion-separator fusion-full-width-sep\" style=\"margin-left: auto;margin-right: auto;width:100%;\"><div class=\"fusion-separator-border sep-double sep-solid\" style=\"--awb-height:20px;--awb-amount:20px;--awb-sep-color:#e5e5e5;border-color:#e5e5e5;border-top-width:1px;border-bottom-width:1px;\"><\/div><\/div><div class=\"fusion-sep-clear\"><\/div><div class=\"fusion-clearfix\"><\/div><\/div><\/div><\/div><\/div><\/p>\n","protected":false},"excerpt":{"rendered":"","protected":false},"author":4,"featured_media":0,"parent":0,"menu_order":0,"comment_status":"open","ping_status":"closed","template":"100-width.php","meta":{"footnotes":""},"class_list":["post-12593","page","type-page","status-publish","hentry"],"yoast_head":"<!-- This site is optimized with the Yoast SEO plugin v27.5 - https:\/\/yoast.com\/product\/yoast-seo-wordpress\/ -->\n<title>Casa de colonias - Albergue La Farga de Queralbs. Vall de Ribes<\/title>\n<meta name=\"description\" content=\"Ven a disfrutar de unas fant\u00e1sticas colonias lejos del ruido de las grandes ciudades, a los pies de la Vall de N\u00faria.\" \/>\n<meta name=\"robots\" content=\"index, follow, max-snippet:-1, max-image-preview:large, max-video-preview:-1\" \/>\n<link rel=\"canonical\" href=\"https:\/\/alberglafarga.com\/es\/bienvenidos\/\" \/>\n<meta property=\"og:locale\" content=\"es_ES\" \/>\n<meta property=\"og:type\" content=\"article\" \/>\n<meta property=\"og:title\" content=\"Casa de colonias - Albergue La Farga de Queralbs. Vall de Ribes\" \/>\n<meta property=\"og:description\" content=\"Ven a disfrutar de unas fant\u00e1sticas colonias lejos del ruido de las grandes ciudades, a los pies de la Vall de N\u00faria.\" \/>\n<meta property=\"og:url\" content=\"https:\/\/alberglafarga.com\/es\/bienvenidos\/\" \/>\n<meta property=\"og:site_name\" content=\"Alberg La Farga\" \/>\n<meta property=\"article:modified_time\" content=\"2022-09-07T09:31:49+00:00\" \/>\n<meta property=\"og:image\" content=\"https:\/\/alberglafarga.com\/wp-content\/uploads\/2012\/07\/falberg2.jpg\" \/>\n<meta name=\"twitter:card\" content=\"summary_large_image\" \/>\n<meta name=\"twitter:label1\" content=\"Tiempo de lectura\" \/>\n\t<meta name=\"twitter:data1\" content=\"7 minutos\" \/>\n<script type=\"application\/ld+json\" class=\"yoast-schema-graph\">{\"@context\":\"https:\\\/\\\/schema.org\",\"@graph\":[{\"@type\":\"WebPage\",\"@id\":\"https:\\\/\\\/alberglafarga.com\\\/es\\\/bienvenidos\\\/\",\"url\":\"https:\\\/\\\/alberglafarga.com\\\/es\\\/bienvenidos\\\/\",\"name\":\"Casa de colonias - Albergue La Farga de Queralbs. Vall de Ribes\",\"isPartOf\":{\"@id\":\"https:\\\/\\\/alberglafarga.com\\\/#website\"},\"primaryImageOfPage\":{\"@id\":\"https:\\\/\\\/alberglafarga.com\\\/es\\\/bienvenidos\\\/#primaryimage\"},\"image\":{\"@id\":\"https:\\\/\\\/alberglafarga.com\\\/es\\\/bienvenidos\\\/#primaryimage\"},\"thumbnailUrl\":\"https:\\\/\\\/alberglafarga.com\\\/wp-content\\\/uploads\\\/2012\\\/07\\\/falberg2.jpg\",\"datePublished\":\"2012-07-31T02:06:57+00:00\",\"dateModified\":\"2022-09-07T09:31:49+00:00\",\"description\":\"Ven a disfrutar de unas fant\u00e1sticas colonias lejos del ruido de las grandes ciudades, a los pies de la Vall de N\u00faria.\",\"breadcrumb\":{\"@id\":\"https:\\\/\\\/alberglafarga.com\\\/es\\\/bienvenidos\\\/#breadcrumb\"},\"inLanguage\":\"es\",\"potentialAction\":[{\"@type\":\"ReadAction\",\"target\":[\"https:\\\/\\\/alberglafarga.com\\\/es\\\/bienvenidos\\\/\"]}]},{\"@type\":\"ImageObject\",\"inLanguage\":\"es\",\"@id\":\"https:\\\/\\\/alberglafarga.com\\\/es\\\/bienvenidos\\\/#primaryimage\",\"url\":\"https:\\\/\\\/alberglafarga.com\\\/wp-content\\\/uploads\\\/2012\\\/07\\\/falberg2.jpg\",\"contentUrl\":\"https:\\\/\\\/alberglafarga.com\\\/wp-content\\\/uploads\\\/2012\\\/07\\\/falberg2.jpg\"},{\"@type\":\"BreadcrumbList\",\"@id\":\"https:\\\/\\\/alberglafarga.com\\\/es\\\/bienvenidos\\\/#breadcrumb\",\"itemListElement\":[{\"@type\":\"ListItem\",\"position\":1,\"name\":\"Inici\",\"item\":\"https:\\\/\\\/alberglafarga.com\\\/\"},{\"@type\":\"ListItem\",\"position\":2,\"name\":\"Casa de colonias &#8211; Albergue La Farga de Queralbs\"}]},{\"@type\":\"WebSite\",\"@id\":\"https:\\\/\\\/alberglafarga.com\\\/#website\",\"url\":\"https:\\\/\\\/alberglafarga.com\\\/\",\"name\":\"Alberg La Farga\",\"description\":\"Turisme Rural\",\"potentialAction\":[{\"@type\":\"SearchAction\",\"target\":{\"@type\":\"EntryPoint\",\"urlTemplate\":\"https:\\\/\\\/alberglafarga.com\\\/?s={search_term_string}\"},\"query-input\":{\"@type\":\"PropertyValueSpecification\",\"valueRequired\":true,\"valueName\":\"search_term_string\"}}],\"inLanguage\":\"es\"}]}<\/script>\n<!-- \/ Yoast SEO plugin. -->","yoast_head_json":{"title":"Casa de colonias - Albergue La Farga de Queralbs. Vall de Ribes","description":"Ven a disfrutar de unas fant\u00e1sticas colonias lejos del ruido de las grandes ciudades, a los pies de la Vall de N\u00faria.","robots":{"index":"index","follow":"follow","max-snippet":"max-snippet:-1","max-image-preview":"max-image-preview:large","max-video-preview":"max-video-preview:-1"},"canonical":"https:\/\/alberglafarga.com\/es\/bienvenidos\/","og_locale":"es_ES","og_type":"article","og_title":"Casa de colonias - Albergue La Farga de Queralbs. Vall de Ribes","og_description":"Ven a disfrutar de unas fant\u00e1sticas colonias lejos del ruido de las grandes ciudades, a los pies de la Vall de N\u00faria.","og_url":"https:\/\/alberglafarga.com\/es\/bienvenidos\/","og_site_name":"Alberg La Farga","article_modified_time":"2022-09-07T09:31:49+00:00","og_image":[{"url":"https:\/\/alberglafarga.com\/wp-content\/uploads\/2012\/07\/falberg2.jpg","type":"","width":"","height":""}],"twitter_card":"summary_large_image","twitter_misc":{"Tiempo de lectura":"7 minutos"},"schema":{"@context":"https:\/\/schema.org","@graph":[{"@type":"WebPage","@id":"https:\/\/alberglafarga.com\/es\/bienvenidos\/","url":"https:\/\/alberglafarga.com\/es\/bienvenidos\/","name":"Casa de colonias - Albergue La Farga de Queralbs. Vall de Ribes","isPartOf":{"@id":"https:\/\/alberglafarga.com\/#website"},"primaryImageOfPage":{"@id":"https:\/\/alberglafarga.com\/es\/bienvenidos\/#primaryimage"},"image":{"@id":"https:\/\/alberglafarga.com\/es\/bienvenidos\/#primaryimage"},"thumbnailUrl":"https:\/\/alberglafarga.com\/wp-content\/uploads\/2012\/07\/falberg2.jpg","datePublished":"2012-07-31T02:06:57+00:00","dateModified":"2022-09-07T09:31:49+00:00","description":"Ven a disfrutar de unas fant\u00e1sticas colonias lejos del ruido de las grandes ciudades, a los pies de la Vall de N\u00faria.","breadcrumb":{"@id":"https:\/\/alberglafarga.com\/es\/bienvenidos\/#breadcrumb"},"inLanguage":"es","potentialAction":[{"@type":"ReadAction","target":["https:\/\/alberglafarga.com\/es\/bienvenidos\/"]}]},{"@type":"ImageObject","inLanguage":"es","@id":"https:\/\/alberglafarga.com\/es\/bienvenidos\/#primaryimage","url":"https:\/\/alberglafarga.com\/wp-content\/uploads\/2012\/07\/falberg2.jpg","contentUrl":"https:\/\/alberglafarga.com\/wp-content\/uploads\/2012\/07\/falberg2.jpg"},{"@type":"BreadcrumbList","@id":"https:\/\/alberglafarga.com\/es\/bienvenidos\/#breadcrumb","itemListElement":[{"@type":"ListItem","position":1,"name":"Inici","item":"https:\/\/alberglafarga.com\/"},{"@type":"ListItem","position":2,"name":"Casa de colonias &#8211; Albergue La Farga de Queralbs"}]},{"@type":"WebSite","@id":"https:\/\/alberglafarga.com\/#website","url":"https:\/\/alberglafarga.com\/","name":"Alberg La Farga","description":"Turisme Rural","potentialAction":[{"@type":"SearchAction","target":{"@type":"EntryPoint","urlTemplate":"https:\/\/alberglafarga.com\/?s={search_term_string}"},"query-input":{"@type":"PropertyValueSpecification","valueRequired":true,"valueName":"search_term_string"}}],"inLanguage":"es"}]}},"_links":{"self":[{"href":"https:\/\/alberglafarga.com\/es\/wp-json\/wp\/v2\/pages\/12593","targetHints":{"allow":["GET"]}}],"collection":[{"href":"https:\/\/alberglafarga.com\/es\/wp-json\/wp\/v2\/pages"}],"about":[{"href":"https:\/\/alberglafarga.com\/es\/wp-json\/wp\/v2\/types\/page"}],"author":[{"embeddable":true,"href":"https:\/\/alberglafarga.com\/es\/wp-json\/wp\/v2\/users\/4"}],"replies":[{"embeddable":true,"href":"https:\/\/alberglafarga.com\/es\/wp-json\/wp\/v2\/comments?post=12593"}],"version-history":[{"count":13,"href":"https:\/\/alberglafarga.com\/es\/wp-json\/wp\/v2\/pages\/12593\/revisions"}],"predecessor-version":[{"id":12795,"href":"https:\/\/alberglafarga.com\/es\/wp-json\/wp\/v2\/pages\/12593\/revisions\/12795"}],"wp:attachment":[{"href":"https:\/\/alberglafarga.com\/es\/wp-json\/wp\/v2\/media?parent=12593"}],"curies":[{"name":"wp","href":"https:\/\/api.w.org\/{rel}","templated":true}]}}