{"id":12595,"date":"2016-02-17T15:29:41","date_gmt":"2016-02-17T15:29:41","guid":{"rendered":"https:\/\/alberglafarga.com\/escoles-i-grups-2\/"},"modified":"2022-05-12T10:16:29","modified_gmt":"2022-05-12T10:16:29","slug":"escuelas-y-grupos","status":"publish","type":"page","link":"https:\/\/alberglafarga.com\/es\/escuelas-y-grupos\/","title":{"rendered":"<b>Escuelas y Grupos<\/b>. La Farga de Queralbs!"},"content":{"rendered":"<p><div class=\"fusion-fullwidth fullwidth-box fusion-builder-row-1 fusion-parallax-none nonhundred-percent-fullwidth non-hundred-percent-height-scrolling\" style=\"--awb-background-position:left top;--awb-border-radius-top-left:0px;--awb-border-radius-top-right:0px;--awb-border-radius-bottom-right:0px;--awb-border-radius-bottom-left:0px;--awb-padding-top:200px;--awb-padding-right:0px;--awb-padding-bottom:200px;--awb-padding-left:0px;--awb-background-image:url(&quot;https:\/\/alberglafarga.com\/wp-content\/uploads\/2016\/02\/escoles.jpg&quot;);--awb-background-size:cover;--awb-border-sizes-top:0px;--awb-border-sizes-bottom:0px;--awb-flex-wrap:wrap;\" ><div class=\"fusion-builder-row fusion-row\"><\/div><\/div><div class=\"fusion-fullwidth fullwidth-box fusion-builder-row-2 nonhundred-percent-fullwidth non-hundred-percent-height-scrolling\" style=\"--awb-background-position:left top;--awb-border-radius-top-left:0px;--awb-border-radius-top-right:0px;--awb-border-radius-bottom-right:0px;--awb-border-radius-bottom-left:0px;--awb-padding-top:40px;--awb-padding-right:0px;--awb-padding-bottom:20px;--awb-padding-left:0px;--awb-border-sizes-top:0px;--awb-border-sizes-bottom:0px;--awb-flex-wrap:wrap;\" ><div class=\"fusion-builder-row fusion-row\"><div class=\"fusion-layout-column fusion_builder_column fusion-builder-column-0 fusion_builder_column_1_2 1_2 fusion-one-half fusion-column-first\" style=\"--awb-bg-size:cover;width:48%; margin-right: 4%;\"><div class=\"fusion-column-wrapper fusion-flex-column-wrapper-legacy\"><div class=\"fusion-text fusion-text-1\"><p><span style=\"color: #a3a3a3; font-size: 40px; line-height: 45px;\"> Vive las <strong>estancias escolares en el Albergue Casa de colonias La Farga de Queralbs<\/strong><\/span><\/p>\n<\/div><div class=\"fusion-clearfix\"><\/div><\/div><\/div><div class=\"fusion-layout-column fusion_builder_column fusion-builder-column-1 fusion_builder_column_1_2 1_2 fusion-one-half fusion-column-last\" style=\"--awb-bg-size:cover;width:48%;\"><div class=\"fusion-column-wrapper fusion-flex-column-wrapper-legacy\"><div class=\"fusion-text fusion-text-2\"><p>Os proponemos que disfrut\u00e9is de unas colonias llenas de aventura y diversi\u00f3n. Las colonias que ofrecemos, lejos del ruido de las grandes ciudades, quieren ser una aut\u00e9ntica comunicaci\u00f3n con la naturaleza. Mediante juegos de ingenio, aventura, orientaci\u00f3n y supervivencia aprendemos a descubrir y respetar nuestro entorno. Una experiencia \u00fanica y diferente para las escuelas y grupos.<\/p>\n<\/div><div class=\"fusion-clearfix\"><\/div><\/div><\/div><\/div><\/div><div class=\"fusion-fullwidth fullwidth-box fusion-builder-row-3 nonhundred-percent-fullwidth non-hundred-percent-height-scrolling\" style=\"--awb-background-position:left top;--awb-border-radius-top-left:0px;--awb-border-radius-top-right:0px;--awb-border-radius-bottom-right:0px;--awb-border-radius-bottom-left:0px;--awb-padding-top:35px;--awb-padding-right:0px;--awb-padding-bottom:20px;--awb-padding-left:0px;--awb-background-color:#e5e5e5;--awb-border-sizes-top:0px;--awb-border-sizes-bottom:0px;--awb-flex-wrap:wrap;\" ><div class=\"fusion-builder-row fusion-row\"><div class=\"fusion-layout-column fusion_builder_column fusion-builder-column-2 fusion_builder_column_1_2 1_2 fusion-one-half fusion-column-first\" style=\"--awb-bg-size:cover;width:48%; margin-right: 4%;\"><div class=\"fusion-column-wrapper fusion-flex-column-wrapper-legacy\"><div class=\"fusion-text fusion-text-3\"><h2><span style=\"color: #808080; font-size: 25px;\"><strong><span id=\"result_box\" class=\"\" lang=\"es\"><span class=\"hps\">Empresas que<\/span> <span class=\"hps\">nos<\/span> <span class=\"hps\">organizan actividades<\/span> <span class=\"hps\">personalizadas para<\/span> <span class=\"hps\">la Farga<\/span><\/span><\/strong><\/span><\/h2>\n<\/div><div class=\"fusion-text fusion-text-4\"><h3><span style=\"color: #000000;\"><a href=\"https:\/\/www.aulabgt.com\/la-farga\" target=\"_blank\" rel=\"noopener\">&#8211; Actividades programadas por AULA BGT<\/a><\/span><br \/>\n<span style=\"color: #000000;\"> &#8211; <a href=\"http:\/\/www.alt-ter.org\/educacio.htm\" target=\"_blank\" rel=\"noopener\">Actividades programadas por ALT-TER<\/a><\/span><br \/>\n<span style=\"color: #000000;\"> &#8211; <a href=\"http:\/\/www.basaroca.com\/\" target=\"_blank\" rel=\"noopener\">Actividades programadas por BASAROCA AVENTURA<\/a><\/span><\/h3>\n<\/div><div class=\"fusion-clearfix\"><\/div><\/div><\/div><\/div><\/div><\/p>\n","protected":false},"excerpt":{"rendered":"","protected":false},"author":4,"featured_media":0,"parent":0,"menu_order":0,"comment_status":"open","ping_status":"closed","template":"100-width.php","meta":{"footnotes":""},"class_list":["post-12595","page","type-page","status-publish","hentry"],"yoast_head":"<!-- This site is optimized with the Yoast SEO plugin v27.6 - https:\/\/yoast.com\/product\/yoast-seo-wordpress\/ -->\n<title>Escuelas y Grupos. La Farga de Queralbs!. El Ripoll\u00e8s<\/title>\n<meta name=\"description\" content=\"Para las Escuelas y Grupos, disfrute de unas colonias o estancias llenas de aventura y diversi\u00f3n en la Farga de Querabls.\" \/>\n<meta name=\"robots\" content=\"index, follow, max-snippet:-1, max-image-preview:large, max-video-preview:-1\" \/>\n<link rel=\"canonical\" href=\"https:\/\/alberglafarga.com\/es\/escuelas-y-grupos\/\" \/>\n<meta property=\"og:locale\" content=\"es_ES\" \/>\n<meta property=\"og:type\" content=\"article\" \/>\n<meta property=\"og:title\" content=\"Escuelas y Grupos. La Farga de Queralbs!. El Ripoll\u00e8s\" \/>\n<meta property=\"og:description\" content=\"Para las Escuelas y Grupos, disfrute de unas colonias o estancias llenas de aventura y diversi\u00f3n en la Farga de Querabls.\" \/>\n<meta property=\"og:url\" content=\"https:\/\/alberglafarga.com\/es\/escuelas-y-grupos\/\" \/>\n<meta property=\"og:site_name\" content=\"Alberg La Farga\" \/>\n<meta property=\"article:modified_time\" content=\"2022-05-12T10:16:29+00:00\" \/>\n<meta name=\"twitter:card\" content=\"summary_large_image\" \/>\n<meta name=\"twitter:label1\" content=\"Tiempo de lectura\" \/>\n\t<meta name=\"twitter:data1\" content=\"3 minutos\" \/>\n<script type=\"application\/ld+json\" class=\"yoast-schema-graph\">{\"@context\":\"https:\\\/\\\/schema.org\",\"@graph\":[{\"@type\":\"WebPage\",\"@id\":\"https:\\\/\\\/alberglafarga.com\\\/es\\\/escuelas-y-grupos\\\/\",\"url\":\"https:\\\/\\\/alberglafarga.com\\\/es\\\/escuelas-y-grupos\\\/\",\"name\":\"Escuelas y Grupos. La Farga de Queralbs!. El Ripoll\u00e8s\",\"isPartOf\":{\"@id\":\"https:\\\/\\\/alberglafarga.com\\\/#website\"},\"datePublished\":\"2016-02-17T15:29:41+00:00\",\"dateModified\":\"2022-05-12T10:16:29+00:00\",\"description\":\"Para las Escuelas y Grupos, disfrute de unas colonias o estancias llenas de aventura y diversi\u00f3n en la Farga de Querabls.\",\"breadcrumb\":{\"@id\":\"https:\\\/\\\/alberglafarga.com\\\/es\\\/escuelas-y-grupos\\\/#breadcrumb\"},\"inLanguage\":\"es\",\"potentialAction\":[{\"@type\":\"ReadAction\",\"target\":[\"https:\\\/\\\/alberglafarga.com\\\/es\\\/escuelas-y-grupos\\\/\"]}]},{\"@type\":\"BreadcrumbList\",\"@id\":\"https:\\\/\\\/alberglafarga.com\\\/es\\\/escuelas-y-grupos\\\/#breadcrumb\",\"itemListElement\":[{\"@type\":\"ListItem\",\"position\":1,\"name\":\"Inici\",\"item\":\"https:\\\/\\\/alberglafarga.com\\\/\"},{\"@type\":\"ListItem\",\"position\":2,\"name\":\"Escuelas y Grupos. La Farga de Queralbs!\"}]},{\"@type\":\"WebSite\",\"@id\":\"https:\\\/\\\/alberglafarga.com\\\/#website\",\"url\":\"https:\\\/\\\/alberglafarga.com\\\/\",\"name\":\"Alberg La Farga\",\"description\":\"Turisme Rural\",\"potentialAction\":[{\"@type\":\"SearchAction\",\"target\":{\"@type\":\"EntryPoint\",\"urlTemplate\":\"https:\\\/\\\/alberglafarga.com\\\/?s={search_term_string}\"},\"query-input\":{\"@type\":\"PropertyValueSpecification\",\"valueRequired\":true,\"valueName\":\"search_term_string\"}}],\"inLanguage\":\"es\"}]}<\/script>\n<!-- \/ Yoast SEO plugin. -->","yoast_head_json":{"title":"Escuelas y Grupos. La Farga de Queralbs!. El Ripoll\u00e8s","description":"Para las Escuelas y Grupos, disfrute de unas colonias o estancias llenas de aventura y diversi\u00f3n en la Farga de Querabls.","robots":{"index":"index","follow":"follow","max-snippet":"max-snippet:-1","max-image-preview":"max-image-preview:large","max-video-preview":"max-video-preview:-1"},"canonical":"https:\/\/alberglafarga.com\/es\/escuelas-y-grupos\/","og_locale":"es_ES","og_type":"article","og_title":"Escuelas y Grupos. La Farga de Queralbs!. El Ripoll\u00e8s","og_description":"Para las Escuelas y Grupos, disfrute de unas colonias o estancias llenas de aventura y diversi\u00f3n en la Farga de Querabls.","og_url":"https:\/\/alberglafarga.com\/es\/escuelas-y-grupos\/","og_site_name":"Alberg La Farga","article_modified_time":"2022-05-12T10:16:29+00:00","twitter_card":"summary_large_image","twitter_misc":{"Tiempo de lectura":"3 minutos"},"schema":{"@context":"https:\/\/schema.org","@graph":[{"@type":"WebPage","@id":"https:\/\/alberglafarga.com\/es\/escuelas-y-grupos\/","url":"https:\/\/alberglafarga.com\/es\/escuelas-y-grupos\/","name":"Escuelas y Grupos. La Farga de Queralbs!. El Ripoll\u00e8s","isPartOf":{"@id":"https:\/\/alberglafarga.com\/#website"},"datePublished":"2016-02-17T15:29:41+00:00","dateModified":"2022-05-12T10:16:29+00:00","description":"Para las Escuelas y Grupos, disfrute de unas colonias o estancias llenas de aventura y diversi\u00f3n en la Farga de Querabls.","breadcrumb":{"@id":"https:\/\/alberglafarga.com\/es\/escuelas-y-grupos\/#breadcrumb"},"inLanguage":"es","potentialAction":[{"@type":"ReadAction","target":["https:\/\/alberglafarga.com\/es\/escuelas-y-grupos\/"]}]},{"@type":"BreadcrumbList","@id":"https:\/\/alberglafarga.com\/es\/escuelas-y-grupos\/#breadcrumb","itemListElement":[{"@type":"ListItem","position":1,"name":"Inici","item":"https:\/\/alberglafarga.com\/"},{"@type":"ListItem","position":2,"name":"Escuelas y Grupos. La Farga de Queralbs!"}]},{"@type":"WebSite","@id":"https:\/\/alberglafarga.com\/#website","url":"https:\/\/alberglafarga.com\/","name":"Alberg La Farga","description":"Turisme Rural","potentialAction":[{"@type":"SearchAction","target":{"@type":"EntryPoint","urlTemplate":"https:\/\/alberglafarga.com\/?s={search_term_string}"},"query-input":{"@type":"PropertyValueSpecification","valueRequired":true,"valueName":"search_term_string"}}],"inLanguage":"es"}]}},"_links":{"self":[{"href":"https:\/\/alberglafarga.com\/es\/wp-json\/wp\/v2\/pages\/12595","targetHints":{"allow":["GET"]}}],"collection":[{"href":"https:\/\/alberglafarga.com\/es\/wp-json\/wp\/v2\/pages"}],"about":[{"href":"https:\/\/alberglafarga.com\/es\/wp-json\/wp\/v2\/types\/page"}],"author":[{"embeddable":true,"href":"https:\/\/alberglafarga.com\/es\/wp-json\/wp\/v2\/users\/4"}],"replies":[{"embeddable":true,"href":"https:\/\/alberglafarga.com\/es\/wp-json\/wp\/v2\/comments?post=12595"}],"version-history":[{"count":7,"href":"https:\/\/alberglafarga.com\/es\/wp-json\/wp\/v2\/pages\/12595\/revisions"}],"predecessor-version":[{"id":12762,"href":"https:\/\/alberglafarga.com\/es\/wp-json\/wp\/v2\/pages\/12595\/revisions\/12762"}],"wp:attachment":[{"href":"https:\/\/alberglafarga.com\/es\/wp-json\/wp\/v2\/media?parent=12595"}],"curies":[{"name":"wp","href":"https:\/\/api.w.org\/{rel}","templated":true}]}}